{"id":745,"date":"2020-06-18T16:08:03","date_gmt":"2020-06-18T14:08:03","guid":{"rendered":"https:\/\/mercuriuswageningen.nl\/?page_id=745"},"modified":"2025-05-20T14:57:48","modified_gmt":"2025-05-20T12:57:48","slug":"opleidingen","status":"publish","type":"page","link":"https:\/\/mercuriuswageningen.nl\/en\/vereniging\/opleidingen\/","title":{"rendered":"Our studies"},"content":{"rendered":"<p>[et_pb_section fb_built=&#8221;1&#8243; _builder_version=&#8221;4.16&#8243; global_colors_info=&#8221;{}&#8221;][et_pb_row _builder_version=&#8221;4.16&#8243; custom_margin=&#8221;|auto||219px||&#8221; custom_padding=&#8221;||0px|||&#8221; global_colors_info=&#8221;{}&#8221;][et_pb_column type=&#8221;4_4&#8243; _builder_version=&#8221;4.16&#8243; global_colors_info=&#8221;{}&#8221;][et_pb_text _builder_version=&#8221;4.23.1&#8243; custom_margin=&#8221;||-2px|||&#8221; custom_padding=&#8221;||0px|||&#8221; hover_enabled=&#8221;0&#8243; global_colors_info=&#8221;{}&#8221; sticky_enabled=&#8221;0&#8243;]<\/p>\n<h2>Opleidingen<\/h2>\n<p>Mercurius Wageningen is de studievereniging van drie opleidingen:<\/p>\n<p><a href=\"https:\/\/www.wur.nl\/nl\/Onderwijs-Opleidingen\/Bachelor\/BSc-opleidingen\/BSc-Bedrijfs-en-Consumentenwetenschappen.htm\" target=\"_blank\" rel=\"noopener\">Bachelor Bedrijfs- en Consumentenwetenschappen<\/a><br \/><a href=\"https:\/\/www.wur.nl\/nl\/Onderwijs-Opleidingen\/Bachelor\/BSc-opleidingen\/BSc-Economie-en-Beleid.htm\" target=\"_blank\" rel=\"noopener\">Bachelor Economie en Beleid<\/a><br \/><a href=\"https:\/\/www.wur.nl\/nl\/Onderwijs-Opleidingen\/Master\/MSc-opleidingen\/MSc-Management-Economics-and-Consumer-Studies.htm\" target=\"_blank\" rel=\"noopener\">Master Management, Economics and Consumer Studies<\/a><\/p>\n<p>Een Bachelor-programma bestaat uit 180 ECTS verdeeld over 3 jaar: B1, B2 en B3. Een ECTS staat gelijk aan 28 studie-uren. Over het algemeen zijn de meeste vakken in Wageningen 6 ECTS waard, wat overeenkomt met 168 studie-uren. Jaar 1 van de Bachelor (B1) heeft voor alle studenten van \u00e9\u00e9n studie dezelfde inhoud. Aan het einde van dit jaar ontvang je een <a href=\"http:\/\/www.wur.nl\/nl\/Onderwijs-Opleidingen\/Huidige-Studenten\/Show-SSC\/Bindend-Studie-Advies.htm\" target=\"_blank\" rel=\"noopener\">bindend studieadvies<\/a>.<\/p>\n<p>In het tweede jaar (B2) maak je een keuze voor \u00e9\u00e9n van de specialisaties binnen Bedrijfs- en Consumentenwetenschappen (Bedrijf of Consument) of \u00e9\u00e9n van de aandachtsvelden binnen Economie en Beleid (Milieu en natuurlijke hulpbronnen, Agri-sector, Ontwikkelingsvraagstukken of Ruimtelijk beleid).<\/p>\n<p>In het derde jaar (B3) vul je je vrijekeuzeruimte in en schrijf je je BSc Thesis.\u00a0Het is van belang een\u00a0weloverwogen keuze\u00a0te maken voor de vakken die je gaat volgen in je vrije keuze ruimte. Je hebt\u00a030 ects\u00a0aan vrije keuze ruimte in je bachelor. Dit is een erg groot deel van je bachelor en daarom moet het relevant zijn voor je studieprogramma. Hierbij helpen we je als studenten door in het tweede jaar van de bachelor een assessmenttraject te volgen.<br \/>Het is mogelijk om een\u00a0minor\u00a0te kiezen, dit is een vastgesteld pakket met vakken. Voor een overzicht van minors aan de WUR kijk je\u00a0<a href=\"https:\/\/ssc.wur.nl\/Studiegids\/Minors\" target=\"_blank\" rel=\"noopener\">hier<\/a>. Ook andere universiteiten bieden minoren aan voor studenten. Dit is een mooie manier om te zien welke universiteiten vakken aanbieden in jouw interessegebied. Behalve dat je een passende minor kan vinden, is het ook een goede ori\u00ebntatie manier om te zien aan welke universiteit er vakken binnen jouw interesse aangeboden worden.\u00a0Daarnaast is het mogelijk om zelf\u00a0losse vakken\u00a0te kiezen (dit noem je dan geen minor).<\/p>\n<p>Wil je een tijdje niet studeren? Je kunt je wanneer je eenmaal ingeschreven bent voor de bachelor opleiding\u00a0<a href=\"https:\/\/www.wur.nl\/nl\/Onderwijs-Opleidingen\/Huidige-Studenten\/Afstuderen\/Uitschrijving.htm\" target=\"_blank\" rel=\"noopener\">uitschrijven<\/a>. Let er wel op dat je je niet op elk moment weer kunt herinschrijven voor de opleiding. Enkel per 1 september en per 1 februari kun je heringeschreven worden en de studie weer oppakken. Een onderbreking van augustus tot 1 februari is op deze manier dus mogelijk.<\/p>\n<p>&nbsp;<\/p>\n<h2>Overige informatie<\/h2>\n<p>&nbsp;<\/p>\n<p>[\/et_pb_text][\/et_pb_column][\/et_pb_row][et_pb_row column_structure=&#8221;1_3,1_3,1_3&#8243; _builder_version=&#8221;4.16&#8243; custom_margin=&#8221;-2px|auto||auto||&#8221; custom_padding=&#8221;0px|||||&#8221; global_colors_info=&#8221;{}&#8221;][et_pb_column type=&#8221;1_3&#8243; _builder_version=&#8221;4.16&#8243; global_colors_info=&#8221;{}&#8221;][et_pb_text _builder_version=&#8221;4.16&#8243; global_colors_info=&#8221;{}&#8221;]<\/p>\n<h3>Vrije keuze ruimte\/exchange<\/h3>\n<p>Je vrijekeuzeruimte kun je vorm geven aan Wageningen Universiteit, een andere universiteit in Nederland of aan een universiteit in het buitenland: een exchange.<\/p>\n<p>Het is een onvergetelijke ervaring om een tijdje in het buitenland te studeren. Je kunt dit kunnen doen als onderdeel van je studie in Wageningen, bijvoorbeeld door je keuzevakken te volgen aan een universiteit in het buitenland of te kiezen voor je stage of afstudeervak in het buitenland. Hoe kun je dit organiseren? In het tweede jaar is er een uitleg door de Erasmus coordinator en op de<span>\u00a0<\/span><a href=\"https:\/\/www.wur.nl\/en\/Education-Programmes\/Study-Abroad-and-Exchange-Students\/Outgoing-from-Wageningen-University.htm\" target=\"_blank\" rel=\"noopener\">website<\/a>\u00a0lees je meer.<\/p>\n<p>Marita van den Bergh\u00a0is de\u00a0Erasmus Co\u00f6rdinator (EC)voor de Social Sciences studenten.\u00a0Je kunt per\u00a0<a href=\"mailto:marita.vandenbergh@wur.nl\">mail<\/a>\u00a0een afspraak met Marita maken.\u00a0<\/p>\n<p>In<span>\u00a0<\/span><a href=\"https:\/\/www.youtube.com\/watch?time_continue=5&amp;v=wpBoH1MOiq4\" target=\"_blank\" rel=\"noopener\">deze<\/a><span>\u00a0<\/span>vlog vertelt Sophie je meer over de voorbereidingen voor deze exchange.<\/p>\n<p>[\/et_pb_text][\/et_pb_column][et_pb_column type=&#8221;1_3&#8243; _builder_version=&#8221;4.16&#8243; global_colors_info=&#8221;{}&#8221;][et_pb_text _builder_version=&#8221;4.16&#8243; global_colors_info=&#8221;{}&#8221;]<\/p>\n<h3>Goedkeuring studieprogramma<\/h3>\n<p>Dit totaal pakket B1, B2 en de op maat invulling in je vrijekeuzeruimte dien je minimaal 6 maanden voor afstuderen te laten goedkeuren door de studieadviseur en examencommissie.<br \/>Dit doe je door SPA (Study Programme Approval) in te vullen. Deze vind je op de website van SSC.<br \/>SPA bestaat grofweg uit vier onderdelen:<\/p>\n<ol>\n<li>Common Part (Dit zijn de vakken die elke student van de opleiding volgt)<\/li>\n<li>My Majors (Dit is je specialisatie of aandachtsgebied)<\/li>\n<li>My Minors (Deze optie gebruik je wanneer je kiest voor een bestaande minor)<\/li>\n<li>Optional Part (deze optie gebruik je wanneer je zelf losse vakken selecteert om je pakket in te vullen)<\/li>\n<\/ol>\n<p>[\/et_pb_text][\/et_pb_column][et_pb_column type=&#8221;1_3&#8243; _builder_version=&#8221;4.16&#8243; global_colors_info=&#8221;{}&#8221;][et_pb_text _builder_version=&#8221;4.16&#8243; global_colors_info=&#8221;{}&#8221;]<\/p>\n<h3>Thesis (bachelor)<\/h3>\n<p>De bachelor thesis of\u00a0scriptie\u00a0(11 ects) is een\u00a0individuele opdracht\u00a0waarin je onderzoek doet op grond van een, door jou zelf geformuleerde, probleemstelling. Je wordt begeleid door een docent van een van de leerstoelgroepen die bij jouw specialisatie\/ aandachtveld horen. Je plant je scriptie\u00a0je\u00a0derde studiejaar.\u00a0<\/p>\n<p>Voordat je aan je BSc scriptie mag beginnen moet je aan de volgende eisen voldoen:<\/p>\n<ul>\n<li>Vakken van het eerste jaar behaald hebben<\/li>\n<li>Minimaal 42 ECTS van de tweede jaars vakken behaald, waaronder de vakken die jou voorbereiden op je thesis<\/li>\n<li>Het assessmenttraject in het tweede jaar hebben afgerond<\/li>\n<li>Een keuze gemaakt voor de invulling van je vrijekeuzeruimte<\/li>\n<\/ul>\n<p>Meer informatie en de course guide vind je terug op de<span>\u00a0<\/span><a href=\"https:\/\/sharepoint.wur.nl\/sites\/Thesis_information\/SitePages\/Home.aspx\" target=\"_blank\" rel=\"noopener\">site<\/a><span>\u00a0<\/span>voor de thesis.<\/p>\n<p>Voor de bachelor thesis hoef je je niet vooraf te registreren. Samen met de thesis co\u00f6rdinator\/je begeleider stem je een start en einddatum af en de leerstoelgroep zorgt voor je registratie aan het eind van het traject.<\/p>\n<p>[\/et_pb_text][\/et_pb_column][\/et_pb_row][\/et_pb_section]<\/p>\n","protected":false},"excerpt":{"rendered":"<p>Opleidingen Mercurius Wageningen is de studievereniging van drie opleidingen: Bachelor Bedrijfs- en ConsumentenwetenschappenBachelor Economie en BeleidMaster Management, Economics and Consumer Studies Een Bachelor-programma bestaat uit 180 ECTS verdeeld over 3 jaar: B1, B2 en B3. Een ECTS staat gelijk aan 28 studie-uren. Over het algemeen zijn de meeste vakken in Wageningen 6 ECTS waard, wat [&hellip;]<\/p>\n","protected":false},"author":1,"featured_media":0,"parent":122,"menu_order":0,"comment_status":"closed","ping_status":"closed","template":"","meta":{"_et_pb_use_builder":"on","_et_pb_old_content":"","_et_gb_content_width":"","footnotes":""},"class_list":["post-745","page","type-page","status-publish","hentry"],"_links":{"self":[{"href":"https:\/\/mercuriuswageningen.nl\/en\/wp-json\/wp\/v2\/pages\/745","targetHints":{"allow":["GET"]}}],"collection":[{"href":"https:\/\/mercuriuswageningen.nl\/en\/wp-json\/wp\/v2\/pages"}],"about":[{"href":"https:\/\/mercuriuswageningen.nl\/en\/wp-json\/wp\/v2\/types\/page"}],"author":[{"embeddable":true,"href":"https:\/\/mercuriuswageningen.nl\/en\/wp-json\/wp\/v2\/users\/1"}],"replies":[{"embeddable":true,"href":"https:\/\/mercuriuswageningen.nl\/en\/wp-json\/wp\/v2\/comments?post=745"}],"version-history":[{"count":0,"href":"https:\/\/mercuriuswageningen.nl\/en\/wp-json\/wp\/v2\/pages\/745\/revisions"}],"up":[{"embeddable":true,"href":"https:\/\/mercuriuswageningen.nl\/en\/wp-json\/wp\/v2\/pages\/122"}],"wp:attachment":[{"href":"https:\/\/mercuriuswageningen.nl\/en\/wp-json\/wp\/v2\/media?parent=745"}],"curies":[{"name":"wp","href":"https:\/\/api.w.org\/{rel}","templated":true}]}}